{"id":2,"date":"2026-04-05T06:56:33","date_gmt":"2026-04-05T06:56:33","guid":{"rendered":"https:\/\/bikealpin.ro\/?page_id=2"},"modified":"2026-04-11T09:07:38","modified_gmt":"2026-04-11T09:07:38","slug":"sample-page","status":"publish","type":"page","link":"https:\/\/bikealpin.ro\/","title":{"rendered":"Bike Alpin"},"content":{"rendered":"\n<h2 class=\"wp-block-heading\">Service specializat suspensii MTB \u0219i setup de performan\u021b\u0103<br><\/h2>\n\n\n\n<h4 class=\"wp-block-heading\">Fox Racing Shox\u2022RockShox\u2022\u00d6hlins<\/h4>\n\n\n\n<blockquote class=\"wp-block-quote is-layout-flow wp-block-quote-is-layout-flow\">\n<p>Lucr\u0103m la un website nou<\/p>\n<\/blockquote>\n\n\n\n<p>Pentru service, v\u0103 rug\u0103m<\/p>\n\n\n\n<ol class=\"wp-block-list\">\n<li>dezasambla\u021bi \u0219i ambala\u021bi piesa corespunz\u0103tor pentru transport ( folie bule + carton\/hartie )<\/li>\n\n\n\n<li>completa\u021bi <a href=\"https:\/\/bikealpin.ro\/wp-content\/uploads\/2026\/04\/Formular-service.pdf\">Formularul de service<\/a> \u0219i include\u021bi-l \u00een pachet<\/li>\n\n\n\n<li>trimite\u021bi coletul cu plata la expeditor la adresa de mai jos<\/li>\n<\/ol>\n\n\n\n<p>Tarife service: <\/p>\n\n\n\n<ul class=\"wp-block-list\">\n<li><a href=\"https:\/\/bikealpin.ro\/wp-content\/uploads\/2026\/04\/shockuri.pdf\">Shockuri<\/a><\/li>\n\n\n\n<li><a href=\"https:\/\/bikealpin.ro\/wp-content\/uploads\/2026\/04\/furci.pdf\">Furci<\/a><\/li>\n\n\n\n<li><a href=\"https:\/\/bikealpin.ro\/wp-content\/uploads\/2026\/04\/dropper.pdf\">Dropper post<\/a><\/li>\n<\/ul>\n\n\n\n<p>Contact:<\/p>\n\n\n\n<p>Str. Garoafei, nr. 19<br>P\u0103cli\u0219a, 510004, jud. ALBA<br>Telefon: 0755 168 178<br>Email: office@bikealpin.ro<br>NR. REG. COM.: J01\/974\/2019<br>CUI: 41104025<\/p>\n","protected":false},"excerpt":{"rendered":"<p>Service specializat suspensii MTB \u0219i setup de performan\u021b\u0103 Fox Racing Shox\u2022RockShox\u2022\u00d6hlins Lucr\u0103m la un website nou Pentru service, v\u0103 rug\u0103m Tarife service: Contact: Str. Garoafei, nr. 19P\u0103cli\u0219a, 510004, jud. ALBATelefon: 0755 168 178Email: office@bikealpin.roNR. REG. COM.: J01\/974\/2019CUI: 41104025<\/p>\n","protected":false},"author":1,"featured_media":0,"parent":0,"menu_order":0,"comment_status":"closed","ping_status":"open","template":"","meta":{"footnotes":""},"class_list":["post-2","page","type-page","status-publish","hentry"],"_links":{"self":[{"href":"https:\/\/bikealpin.ro\/index.php\/wp-json\/wp\/v2\/pages\/2","targetHints":{"allow":["GET"]}}],"collection":[{"href":"https:\/\/bikealpin.ro\/index.php\/wp-json\/wp\/v2\/pages"}],"about":[{"href":"https:\/\/bikealpin.ro\/index.php\/wp-json\/wp\/v2\/types\/page"}],"author":[{"embeddable":true,"href":"https:\/\/bikealpin.ro\/index.php\/wp-json\/wp\/v2\/users\/1"}],"replies":[{"embeddable":true,"href":"https:\/\/bikealpin.ro\/index.php\/wp-json\/wp\/v2\/comments?post=2"}],"version-history":[{"count":10,"href":"https:\/\/bikealpin.ro\/index.php\/wp-json\/wp\/v2\/pages\/2\/revisions"}],"predecessor-version":[{"id":36,"href":"https:\/\/bikealpin.ro\/index.php\/wp-json\/wp\/v2\/pages\/2\/revisions\/36"}],"wp:attachment":[{"href":"https:\/\/bikealpin.ro\/index.php\/wp-json\/wp\/v2\/media?parent=2"}],"curies":[{"name":"wp","href":"https:\/\/api.w.org\/{rel}","templated":true}]}}